{"id":84,"date":"2017-11-18T23:44:47","date_gmt":"2017-11-18T22:44:47","guid":{"rendered":"http:\/\/web.tsg-weinheim-handball.de\/?page_id=84"},"modified":"2023-04-12T16:31:45","modified_gmt":"2023-04-12T15:31:45","slug":"minis","status":"publish","type":"page","link":"https:\/\/web.tsg-weinheim-handball.de\/?page_id=84","title":{"rendered":"Minis"},"content":{"rendered":"<h1><strong>Minis<\/strong><\/h1>\n<p>Trainer : Frank Weippert<\/p>\n<p>Mail: <a href=\"mailto:frank.weippert@tsg-weinheim-handball.de\">frank.weippert@tsg-weinheim-handball.de<\/a><\/p>\n<p><strong>Trainingszeiten<\/strong>:<\/p>\n<p>Freitag: 15:00 Uhr &#8211; 16:30 Uhr, <br \/>TSG-Sporthalle, Mannheimer Str. 11, 69469 Weinheim<br \/>Kinder ab 6 Jahren k\u00f6nnen am Training teilnehmen und sich mit Handball vertraut machen.<\/p>\n<p><strong>Mannschaftsinfo Saison 2019\/2020 :<\/strong><\/p>\n<p>Die neue Minirunde 2019\/20 bestreiten die TSG-Minis mit vielen neuen <br \/>Spielerinnen und Spielern, sodass wir trotz der Abg\u00e4nge in die E-Jugend mit \u00fcber 20 Kindern in die neue Runde starten.<br \/>Der Spielmodus bei den Minis ist ein 4+1 auf kleinerem Feld mit abgeh\u00e4ngten Toren.<\/p>\n<p>Das Alter der Kinder betr\u00e4gt 6-8 Jahre, wobei wir auch den einen oder anderen<br \/>Fr\u00fchstarter mit f\u00fcnf Jahren haben. Im Training steht nicht nur der wettkampfm\u00e4\u00dfige Handball im Vordergrund, sondern auch der spielerische Umgang mit Ball und anderen Sportger\u00e4ten.<\/p>\n<p>\u00a0<\/p>\n<p>\u00a0<\/p>\n<p>\u00a0<\/p>\n<p class=\"s2\">\u00a0<\/p>\n\n\n<p><\/p>\n","protected":false},"excerpt":{"rendered":"<p>Minis Trainer : Frank Weippert Mail: frank.weippert@tsg-weinheim-handball.de Trainingszeiten: Freitag: 15:00 Uhr &#8211; 16:30 Uhr, TSG-Sporthalle, Mannheimer Str. 11, 69469 WeinheimKinder ab 6 Jahren k\u00f6nnen am Training teilnehmen und sich mit Handball vertraut machen. Mannschaftsinfo Saison 2019\/2020 : Die neue Minirunde 2019\/20 bestreiten die TSG-Minis mit vielen neuen Spielerinnen und Spielern, sodass wir trotz der Abg\u00e4nge &hellip; <\/p>\n<p class=\"link-more\"><a href=\"https:\/\/web.tsg-weinheim-handball.de\/?page_id=84\" class=\"more-link\"><span class=\"screen-reader-text\">\u201eMinis\u201c<\/span> weiterlesen<\/a><\/p>\n","protected":false},"author":1,"featured_media":978,"parent":16,"menu_order":0,"comment_status":"closed","ping_status":"closed","template":"","meta":{"footnotes":""},"class_list":["post-84","page","type-page","status-publish","has-post-thumbnail","hentry"],"_links":{"self":[{"href":"https:\/\/web.tsg-weinheim-handball.de\/index.php?rest_route=\/wp\/v2\/pages\/84","targetHints":{"allow":["GET"]}}],"collection":[{"href":"https:\/\/web.tsg-weinheim-handball.de\/index.php?rest_route=\/wp\/v2\/pages"}],"about":[{"href":"https:\/\/web.tsg-weinheim-handball.de\/index.php?rest_route=\/wp\/v2\/types\/page"}],"author":[{"embeddable":true,"href":"https:\/\/web.tsg-weinheim-handball.de\/index.php?rest_route=\/wp\/v2\/users\/1"}],"replies":[{"embeddable":true,"href":"https:\/\/web.tsg-weinheim-handball.de\/index.php?rest_route=%2Fwp%2Fv2%2Fcomments&post=84"}],"version-history":[{"count":11,"href":"https:\/\/web.tsg-weinheim-handball.de\/index.php?rest_route=\/wp\/v2\/pages\/84\/revisions"}],"predecessor-version":[{"id":1960,"href":"https:\/\/web.tsg-weinheim-handball.de\/index.php?rest_route=\/wp\/v2\/pages\/84\/revisions\/1960"}],"up":[{"embeddable":true,"href":"https:\/\/web.tsg-weinheim-handball.de\/index.php?rest_route=\/wp\/v2\/pages\/16"}],"wp:featuredmedia":[{"embeddable":true,"href":"https:\/\/web.tsg-weinheim-handball.de\/index.php?rest_route=\/wp\/v2\/media\/978"}],"wp:attachment":[{"href":"https:\/\/web.tsg-weinheim-handball.de\/index.php?rest_route=%2Fwp%2Fv2%2Fmedia&parent=84"}],"curies":[{"name":"wp","href":"https:\/\/api.w.org\/{rel}","templated":true}]}}