{"id":82,"date":"2017-11-18T23:43:34","date_gmt":"2017-11-18T23:43:34","guid":{"rendered":"http:\/\/web.tsg-weinheim-handball.de\/?page_id=82"},"modified":"2019-09-20T13:06:24","modified_gmt":"2019-09-20T12:06:24","slug":"ah","status":"publish","type":"page","link":"https:\/\/web.tsg-weinheim-handball.de\/?page_id=82","title":{"rendered":"AH"},"content":{"rendered":"<p><strong>AH<\/strong><\/p>\n<p>Verantwortlicher:&nbsp; Stephan Mackert<\/p>\n<p>Telefon:&nbsp;06201\/14837<\/p>\n<p>Mail:&nbsp;Stephan.Mackert@TSG-Weinheim-Handball.de<\/p>\n<p>Trainingszeit:<\/p>\n<p>Freitag: 18:15 Uhr &#8211; 19.45 Uhr (20.00 Uhr), Sporthalle Werner-Heisenberg-Gymnasium<\/p>\n<p>Die \u201eAH\u201c (= Alten Herren) sind auch noch sportlich aktiv. Das Training der AH\u2019ler, die zur Verbesserung der Kondition und zur F\u00f6rderung der allgemeinen Beweglichkeit am liebsten dem etwas gr\u00f6\u00dferen runden Leder nachjagen, ist regelm\u00e4\u00dfig freitags in der Sporthalle des Werner-Heisenberg-Gymnasiums und w\u00e4hrend der Sommerferien im ehemaligen Freizeitheim der TSG, dem Lindenhof in Rohrbach.<\/p>\n<p>Da wir kaum \u201eAH-Nachwuchs\u201c bekommen und altersbedingt immer weniger am Handball-Spielbetrieb teilnehmen m\u00f6chten und k\u00f6nnen, sind wir in einer \u201eSpiel-Kooperation\u201c mit den \u201eAH-Spielwilligen\u201c der TSG L\u00fctzelsachsen \/ TuS Weinheim \/ HSG Mannheim in einer privat durchgef\u00fchrten AH-Runde aktiv. Diese wird nicht vom Verband ausgerichtet, daher ist eine Kooperation in dieser Art m\u00f6glich.<\/p>\n<p>F\u00fcr die kommende Saison haben sich einige etwas j\u00fcngere TVO-AH\u2019ler angek\u00fcndigt, die auch in dieser \u201eKooperation\u201c mitspielen m\u00f6chten, da es beim TVO auch nicht f\u00fcr eine \u201eeigene\u201c AH reicht\u2026<\/p>\n<p>AH\u2019ler sind nat\u00fcrlich auch in der Abteilung im Ehrenamt als Trainer, Betreuer oder Funktionstr\u00e4ger aktiv.<\/p>\n<p>Der traditionelle AH &#8211; Familienausflug fand in diesem Jahr wieder am langen Fronleichnam-Wochenende statt. Er f\u00fchrte uns in ein nettes Landhotel an die Nahe. Wir besuchten bei der Anreise Kloster Eberbach im Rheingau und bei der Abreise Oppenheim am Rhein. Sportlich stand eine Draisinentour auf dem Programm. Auch ein \u00fcber 3 km langer Barfu\u00dfpfad&nbsp; und eine Weinprobe waren w\u00e4hrend des Wochenendes angesagt.<\/p>\n<p>Teile der AH\u2019ler gehen auch gerne Ski fahren. Wir quartieren uns meist direkt auf dem Berg oder zumindest an der Piste ein. 2019 war die Gruppe im Berggasthof Kraftalm im Skigebiet \u201eWilder Kaiser Brixental\u201c untergebracht. F\u00fcr 2020 ist auch schon wieder \u201egebucht\u201c \u2013 es geht in die Wildsch\u00f6nau mit Anschluss an das Skigebiet Alpbachtal.<\/p>\n<p>Unser Training ist \u2013 wie oben erw\u00e4hnt \u2013 immer am Freitag von 18:15 Uhr bis 19:45 Uhr im Werner-Heisenberg-Gymnasium. Interessierte und G\u00e4ste sind gerne willkommen.<\/p>\n<p>Wir w\u00fcnschen unseren Jugendlichen und Aktiven in der HSG und der TSG eine erfolgreiche und m\u00f6glichst verletzungsfreie Saison.<\/p>\n<p>Stephan Mackert<\/p>\n","protected":false},"excerpt":{"rendered":"<p>AH Verantwortlicher:&nbsp; Stephan Mackert Telefon:&nbsp;06201\/14837 Mail:&nbsp;Stephan.Mackert@TSG-Weinheim-Handball.de Trainingszeit: Freitag: 18:15 Uhr &#8211; 19.45 Uhr (20.00 Uhr), Sporthalle Werner-Heisenberg-Gymnasium Die \u201eAH\u201c (= Alten Herren) sind auch noch sportlich aktiv. Das Training der AH\u2019ler, die zur Verbesserung der Kondition und zur F\u00f6rderung der allgemeinen Beweglichkeit am liebsten dem etwas gr\u00f6\u00dferen runden Leder nachjagen, ist regelm\u00e4\u00dfig freitags in der &hellip; <\/p>\n<p class=\"link-more\"><a href=\"https:\/\/web.tsg-weinheim-handball.de\/?page_id=82\" class=\"more-link\"><span class=\"screen-reader-text\">\u201eAH\u201c<\/span> weiterlesen<\/a><\/p>\n","protected":false},"author":1,"featured_media":1027,"parent":33,"menu_order":0,"comment_status":"closed","ping_status":"closed","template":"","meta":{"footnotes":""},"class_list":["post-82","page","type-page","status-publish","has-post-thumbnail","hentry"],"_links":{"self":[{"href":"https:\/\/web.tsg-weinheim-handball.de\/index.php?rest_route=\/wp\/v2\/pages\/82","targetHints":{"allow":["GET"]}}],"collection":[{"href":"https:\/\/web.tsg-weinheim-handball.de\/index.php?rest_route=\/wp\/v2\/pages"}],"about":[{"href":"https:\/\/web.tsg-weinheim-handball.de\/index.php?rest_route=\/wp\/v2\/types\/page"}],"author":[{"embeddable":true,"href":"https:\/\/web.tsg-weinheim-handball.de\/index.php?rest_route=\/wp\/v2\/users\/1"}],"replies":[{"embeddable":true,"href":"https:\/\/web.tsg-weinheim-handball.de\/index.php?rest_route=%2Fwp%2Fv2%2Fcomments&post=82"}],"version-history":[{"count":11,"href":"https:\/\/web.tsg-weinheim-handball.de\/index.php?rest_route=\/wp\/v2\/pages\/82\/revisions"}],"predecessor-version":[{"id":1029,"href":"https:\/\/web.tsg-weinheim-handball.de\/index.php?rest_route=\/wp\/v2\/pages\/82\/revisions\/1029"}],"up":[{"embeddable":true,"href":"https:\/\/web.tsg-weinheim-handball.de\/index.php?rest_route=\/wp\/v2\/pages\/33"}],"wp:featuredmedia":[{"embeddable":true,"href":"https:\/\/web.tsg-weinheim-handball.de\/index.php?rest_route=\/wp\/v2\/media\/1027"}],"wp:attachment":[{"href":"https:\/\/web.tsg-weinheim-handball.de\/index.php?rest_route=%2Fwp%2Fv2%2Fmedia&parent=82"}],"curies":[{"name":"wp","href":"https:\/\/api.w.org\/{rel}","templated":true}]}}