{"id":76,"date":"2017-11-18T23:42:38","date_gmt":"2017-11-18T23:42:38","guid":{"rendered":"http:\/\/web.tsg-weinheim-handball.de\/?page_id=76"},"modified":"2025-08-10T15:39:44","modified_gmt":"2025-08-10T14:39:44","slug":"damen-1","status":"publish","type":"page","link":"https:\/\/web.tsg-weinheim-handball.de\/?page_id=76","title":{"rendered":"Damen 1"},"content":{"rendered":"<p><b>Damen 1 &#8211; Saison 2025\/2026<\/b><\/p>\n<p><strong>Trainer:<\/strong> <br \/>Bastian Schmidt<br \/>Telefon 0176\/80429220<br \/>eMail\u00a0<a href=\"mailto: damen1@tsg-weinheim-handball.de\">damen1@tsg-weinheim-handball.de<\/a><\/p>\n<p><strong>Torwarttrainerin: <\/strong><br \/>Karolin Fath<br \/>Telefon 0173\/2356036<\/p>\n<p><strong><span style=\"font-size: 1rem;\">Trainingszeiten:<br \/><\/span><\/strong><span style=\"font-size: 1rem;\">Mittwoch:\u00a0 20:00 &#8211; 21:45 Uhr, TSG Halle am Hallenbad, Weinheim<br \/>Donnerstag: 19:00 &#8211; 21:30 Uhr, Kreissporthalle, Weinheim<br \/><\/span><\/p>\n<p><strong><span style=\"font-size: 1rem;\">Spielklasse:\u00a0<br \/><\/span><\/strong><span style=\"font-size: 1rem;\">Verbandsliga 4 Baden-W\u00fcrttemberg<\/span><\/p>\n<p><strong><span style=\"font-size: 1rem;\">Mannschaftsinfo Saison 2025\/2026:<br \/><\/span><\/strong>Nach einer durchwachsenen Runde in der Oberliga Baden steht jetzt mit neuem Trainer ein Neusart in der der Verbandsliga Baden-W\u00fcrttemberg an. Hier trifft man auf viele alte Bekannte und muss sich steigern, um in der kommenden Runde nicht wieder auf den hinteren R\u00e4ngen zu laden. Die Stimmung im Team ist gut, Bastian Schmidt stetzt als Trainer neue Impulse und die Abwehr stabilisiert sich zusehends. Diesen Trend will man fortsetzen um in der Runde ein anderes Gesicht zu zeigen. In der Vorbereitung stehen regelm\u00e4\u00dfg 3 Einheiten pro Woche auf dem Plan und auch Trainingsspiele und Turnierteilnahmen sind auf dem Zettel. N\u00e4here Infos dazu findet ihr auf unserem Insta-Kanal unter @hsgweinheimdamen.<\/p>\n<p>Die Damen freuen sich in der Runde wieder \u00fcber zahlreiche Unterst\u00fctzung!<\/p>\n<p>_______________________________________________________________<\/p>\n<p>Die Mannschaft der Runde 2025\/26<\/p>\n<p><img loading=\"lazy\" decoding=\"async\" class=\"alignnone size-medium wp-image-2472\" src=\"https:\/\/web.tsg-weinheim-handball.de\/wp-content\/uploads\/2025\/08\/IMG_4160-300x200.jpg\" alt=\"\" width=\"300\" height=\"200\" srcset=\"https:\/\/web.tsg-weinheim-handball.de\/wp-content\/uploads\/2025\/08\/IMG_4160-300x200.jpg 300w, https:\/\/web.tsg-weinheim-handball.de\/wp-content\/uploads\/2025\/08\/IMG_4160-1024x683.jpg 1024w, https:\/\/web.tsg-weinheim-handball.de\/wp-content\/uploads\/2025\/08\/IMG_4160-768x512.jpg 768w, https:\/\/web.tsg-weinheim-handball.de\/wp-content\/uploads\/2025\/08\/IMG_4160-1536x1024.jpg 1536w, https:\/\/web.tsg-weinheim-handball.de\/wp-content\/uploads\/2025\/08\/IMG_4160-2048x1365.jpg 2048w\" sizes=\"auto, (max-width: 300px) 100vw, 300px\" \/><\/p>\n<p>Bastian Schmidt, Sarah Kuhn, Nelly Eggers, Katharina Propp, Laura Propp, Miriam M\u00fcller, Jolina Reschke, Nadine Gruber, Johanna Eder-Herzog, Emely Karl, Marie-Claire Wei\u00df, Nadine Funder, Stella P\u00fcschel, Lena Amann, Anika Mackert &#8211; es fehlt Sina Pinto<\/p>\n<p>______________<\/p>\n<p>Die Mannschaft der Runde 2024\/25<\/p>\n<p><img loading=\"lazy\" decoding=\"async\" class=\"alignnone size-medium wp-image-2200\" src=\"https:\/\/web.tsg-weinheim-handball.de\/wp-content\/uploads\/2024\/03\/2024_03_24-RNL-300x225.jpg\" alt=\"\" width=\"300\" height=\"225\" srcset=\"https:\/\/web.tsg-weinheim-handball.de\/wp-content\/uploads\/2024\/03\/2024_03_24-RNL-300x225.jpg 300w, https:\/\/web.tsg-weinheim-handball.de\/wp-content\/uploads\/2024\/03\/2024_03_24-RNL-1024x768.jpg 1024w, https:\/\/web.tsg-weinheim-handball.de\/wp-content\/uploads\/2024\/03\/2024_03_24-RNL-768x576.jpg 768w, https:\/\/web.tsg-weinheim-handball.de\/wp-content\/uploads\/2024\/03\/2024_03_24-RNL-1536x1152.jpg 1536w, https:\/\/web.tsg-weinheim-handball.de\/wp-content\/uploads\/2024\/03\/2024_03_24-RNL.jpg 1600w\" sizes=\"auto, (max-width: 300px) 100vw, 300px\" \/><\/p>\n<p>Nadine Gruber, Emely Karl, Vera Sax, Katharina Propp, Laura Propp, Marie-Claire Wei\u00df, Stella P\u00fcschel, Johanna Eder-Herzog, Nadine Funder, Julika Fath, Miriam M\u00fcller, Anna Berger, Lena Amann &#8211; es fehlen: Sina Pinto, Sarah Kuhn, Anika Mackert<\/p>\n<p>Runde 2022\/23<\/p>\n<p><img loading=\"lazy\" decoding=\"async\" class=\"alignnone size-medium wp-image-1768\" src=\"https:\/\/web.tsg-weinheim-handball.de\/wp-content\/uploads\/2022\/09\/Saison-22_23-300x225.jpg\" alt=\"\" width=\"300\" height=\"225\" srcset=\"https:\/\/web.tsg-weinheim-handball.de\/wp-content\/uploads\/2022\/09\/Saison-22_23-300x225.jpg 300w, https:\/\/web.tsg-weinheim-handball.de\/wp-content\/uploads\/2022\/09\/Saison-22_23-1024x768.jpg 1024w, https:\/\/web.tsg-weinheim-handball.de\/wp-content\/uploads\/2022\/09\/Saison-22_23-768x576.jpg 768w, https:\/\/web.tsg-weinheim-handball.de\/wp-content\/uploads\/2022\/09\/Saison-22_23-1536x1152.jpg 1536w, https:\/\/web.tsg-weinheim-handball.de\/wp-content\/uploads\/2022\/09\/Saison-22_23.jpg 2048w\" sizes=\"auto, (max-width: 300px) 100vw, 300px\" \/><\/p>\n<p>beim Ladies-Cup 2019<\/p>\n<p><img loading=\"lazy\" decoding=\"async\" class=\"alignnone size-medium wp-image-1016\" src=\"https:\/\/web.tsg-weinheim-handball.de\/wp-content\/uploads\/2019\/09\/HSG-Weinheim-Oberflockenbach-Samstag-1-300x197.jpg\" alt=\"\" width=\"300\" height=\"197\" srcset=\"https:\/\/web.tsg-weinheim-handball.de\/wp-content\/uploads\/2019\/09\/HSG-Weinheim-Oberflockenbach-Samstag-1-300x197.jpg 300w, https:\/\/web.tsg-weinheim-handball.de\/wp-content\/uploads\/2019\/09\/HSG-Weinheim-Oberflockenbach-Samstag-1-768x503.jpg 768w, https:\/\/web.tsg-weinheim-handball.de\/wp-content\/uploads\/2019\/09\/HSG-Weinheim-Oberflockenbach-Samstag-1-1024x671.jpg 1024w\" sizes=\"auto, (max-width: 300px) 100vw, 300px\" \/> <img loading=\"lazy\" decoding=\"async\" class=\"alignnone size-medium wp-image-1017\" src=\"https:\/\/web.tsg-weinheim-handball.de\/wp-content\/uploads\/2019\/09\/HSG-Weinheim-Sonntag-1-300x195.jpg\" alt=\"\" width=\"300\" height=\"195\" \/><\/p>\n<p>bei der Team-Building-Fahrt im Chiemgau<\/p>\n<p><img loading=\"lazy\" decoding=\"async\" class=\"alignnone size-medium wp-image-1013\" src=\"https:\/\/web.tsg-weinheim-handball.de\/wp-content\/uploads\/2019\/09\/20190615_140328a-300x220.jpg\" alt=\"\" width=\"300\" height=\"220\" srcset=\"https:\/\/web.tsg-weinheim-handball.de\/wp-content\/uploads\/2019\/09\/20190615_140328a-300x220.jpg 300w, https:\/\/web.tsg-weinheim-handball.de\/wp-content\/uploads\/2019\/09\/20190615_140328a-768x563.jpg 768w, https:\/\/web.tsg-weinheim-handball.de\/wp-content\/uploads\/2019\/09\/20190615_140328a-1024x751.jpg 1024w\" sizes=\"auto, (max-width: 300px) 100vw, 300px\" \/><\/p>\n<p>beim Neckarcup 2018<\/p>\n<p><b><img loading=\"lazy\" decoding=\"async\" class=\"alignnone size-medium wp-image-548\" src=\"https:\/\/web.tsg-weinheim-handball.de\/wp-content\/uploads\/2018\/09\/Neckarcup-300x225.jpg\" alt=\"\" width=\"300\" height=\"225\" srcset=\"https:\/\/web.tsg-weinheim-handball.de\/wp-content\/uploads\/2018\/09\/Neckarcup-300x225.jpg 300w, https:\/\/web.tsg-weinheim-handball.de\/wp-content\/uploads\/2018\/09\/Neckarcup-768x576.jpg 768w, https:\/\/web.tsg-weinheim-handball.de\/wp-content\/uploads\/2018\/09\/Neckarcup-1024x768.jpg 1024w, https:\/\/web.tsg-weinheim-handball.de\/wp-content\/uploads\/2018\/09\/Neckarcup.jpg 1600w\" sizes=\"auto, (max-width: 300px) 100vw, 300px\" \/><\/b><\/p>\n<p>beim Ladies-Cup 2018<\/p>\n<p><img loading=\"lazy\" decoding=\"async\" class=\"alignnone size-medium wp-image-549\" src=\"https:\/\/web.tsg-weinheim-handball.de\/wp-content\/uploads\/2018\/09\/Damen-Ladiescup-300x214.jpg\" alt=\"\" width=\"300\" height=\"214\" srcset=\"https:\/\/web.tsg-weinheim-handball.de\/wp-content\/uploads\/2018\/09\/Damen-Ladiescup-300x214.jpg 300w, https:\/\/web.tsg-weinheim-handball.de\/wp-content\/uploads\/2018\/09\/Damen-Ladiescup-768x547.jpg 768w, https:\/\/web.tsg-weinheim-handball.de\/wp-content\/uploads\/2018\/09\/Damen-Ladiescup.jpg 769w\" sizes=\"auto, (max-width: 300px) 100vw, 300px\" \/><\/p>\n<p><a href=\"https:\/\/web.tsg-weinheim-handball.de\/?cat=7\"><img loading=\"lazy\" decoding=\"async\" class=\"alignnone size-medium wp-image-96\" src=\"https:\/\/web.tsg-weinheim-handball.de\/wp-content\/uploads\/2017\/11\/Spielberichte-300x48.png\" alt=\"\" width=\"300\" height=\"48\" srcset=\"https:\/\/web.tsg-weinheim-handball.de\/wp-content\/uploads\/2017\/11\/Spielberichte-300x48.png 300w, https:\/\/web.tsg-weinheim-handball.de\/wp-content\/uploads\/2017\/11\/Spielberichte.png 690w\" sizes=\"auto, (max-width: 300px) 100vw, 300px\" \/><\/a><\/p>\n\n\n<p><\/p>\n","protected":false},"excerpt":{"rendered":"<p>Damen 1 &#8211; Saison 2025\/2026 Trainer: Bastian SchmidtTelefon 0176\/80429220eMail\u00a0damen1@tsg-weinheim-handball.de Torwarttrainerin: Karolin FathTelefon 0173\/2356036 Trainingszeiten:Mittwoch:\u00a0 20:00 &#8211; 21:45 Uhr, TSG Halle am Hallenbad, WeinheimDonnerstag: 19:00 &#8211; 21:30 Uhr, Kreissporthalle, Weinheim Spielklasse:\u00a0Verbandsliga 4 Baden-W\u00fcrttemberg Mannschaftsinfo Saison 2025\/2026:Nach einer durchwachsenen Runde in der Oberliga Baden steht jetzt mit neuem Trainer ein Neusart in der der Verbandsliga Baden-W\u00fcrttemberg an. &hellip; <\/p>\n<p class=\"link-more\"><a href=\"https:\/\/web.tsg-weinheim-handball.de\/?page_id=76\" class=\"more-link\"><span class=\"screen-reader-text\">\u201eDamen 1\u201c<\/span> weiterlesen<\/a><\/p>\n","protected":false},"author":1,"featured_media":2471,"parent":61,"menu_order":0,"comment_status":"closed","ping_status":"closed","template":"","meta":{"footnotes":""},"class_list":["post-76","page","type-page","status-publish","has-post-thumbnail","hentry"],"_links":{"self":[{"href":"https:\/\/web.tsg-weinheim-handball.de\/index.php?rest_route=\/wp\/v2\/pages\/76","targetHints":{"allow":["GET"]}}],"collection":[{"href":"https:\/\/web.tsg-weinheim-handball.de\/index.php?rest_route=\/wp\/v2\/pages"}],"about":[{"href":"https:\/\/web.tsg-weinheim-handball.de\/index.php?rest_route=\/wp\/v2\/types\/page"}],"author":[{"embeddable":true,"href":"https:\/\/web.tsg-weinheim-handball.de\/index.php?rest_route=\/wp\/v2\/users\/1"}],"replies":[{"embeddable":true,"href":"https:\/\/web.tsg-weinheim-handball.de\/index.php?rest_route=%2Fwp%2Fv2%2Fcomments&post=76"}],"version-history":[{"count":37,"href":"https:\/\/web.tsg-weinheim-handball.de\/index.php?rest_route=\/wp\/v2\/pages\/76\/revisions"}],"predecessor-version":[{"id":2491,"href":"https:\/\/web.tsg-weinheim-handball.de\/index.php?rest_route=\/wp\/v2\/pages\/76\/revisions\/2491"}],"up":[{"embeddable":true,"href":"https:\/\/web.tsg-weinheim-handball.de\/index.php?rest_route=\/wp\/v2\/pages\/61"}],"wp:featuredmedia":[{"embeddable":true,"href":"https:\/\/web.tsg-weinheim-handball.de\/index.php?rest_route=\/wp\/v2\/media\/2471"}],"wp:attachment":[{"href":"https:\/\/web.tsg-weinheim-handball.de\/index.php?rest_route=%2Fwp%2Fv2%2Fmedia&parent=76"}],"curies":[{"name":"wp","href":"https:\/\/api.w.org\/{rel}","templated":true}]}}