{"id":1816,"date":"2022-10-02T13:17:20","date_gmt":"2022-10-02T12:17:20","guid":{"rendered":"http:\/\/web.tsg-weinheim-handball.de\/?page_id=1816"},"modified":"2023-11-28T10:51:00","modified_gmt":"2023-11-28T09:51:00","slug":"herren-3","status":"publish","type":"page","link":"https:\/\/web.tsg-weinheim-handball.de\/?page_id=1816","title":{"rendered":"Herren 3"},"content":{"rendered":"\n<p><strong>Herren 3<\/strong><\/p>\n\n\n\n<figure class=\"wp-block-image\"><a href=\"https:\/\/web.tsg-weinheim-handball.de\/wp-content\/uploads\/2017\/11\/2-Mannschaft-Herren.jpg\"><img loading=\"lazy\" decoding=\"async\" width=\"300\" height=\"169\" src=\"https:\/\/web.tsg-weinheim-handball.de\/wp-content\/uploads\/2017\/11\/2-Mannschaft-Herren-300x169.jpg\" alt=\"\" class=\"wp-image-259\" srcset=\"https:\/\/web.tsg-weinheim-handball.de\/wp-content\/uploads\/2017\/11\/2-Mannschaft-Herren-300x169.jpg 300w, https:\/\/web.tsg-weinheim-handball.de\/wp-content\/uploads\/2017\/11\/2-Mannschaft-Herren-768x432.jpg 768w, https:\/\/web.tsg-weinheim-handball.de\/wp-content\/uploads\/2017\/11\/2-Mannschaft-Herren-1024x576.jpg 1024w\" sizes=\"auto, (max-width: 300px) 100vw, 300px\" \/><\/a><\/figure>\n\n\n\n<p><strong>Trainer:<\/strong> <br>J\u00fcrgen Ehrmann<br>Telefon:\u00a006201\/17611<br>Mail: <a href=\"mailto:Juergen.Ehrmann@tsg-weinheim-handball.de\">Juergen.Ehrmann@tsg-weinheim-handball.de<\/a><\/p>\n\n\n\n<p><strong>Trainingszeiten:<\/strong><br>Dienstag:\u00a0 \u00a0 \u00a0 \u00a020:30 Uhr, TSG-Halle<\/p>\n\n\n\n<p><strong>Spielklasse:<\/strong><br>Bezirksliga 4<\/p>\n\n\n\n<p><strong>Mannschaftsinfo:<\/strong><br>Die 3. M\u00e4nnermannschaft ist eine eingeschworene Gemeinschaft und wird schon lange von J\u00fcrgen Ehrmann betreut. Das Team spielt in der Bezirksliga 4 .<\/p>\n\n\n\n<p>Das Team w\u00fcnscht allen Beteiligten f\u00fcr die Saison viel Erfolg und eine verletzungsfreie Spielzeit. Au\u00dferdem w\u00fcrde es sich \u00fcber die tatkr\u00e4ftige Unterst\u00fctzung einiger Fans riesig freuen sowie neue Spieler, bei denen die Freude am Handball im Vordergrund steht.<\/p>\n\n\n\n<figure class=\"wp-block-image\"><a href=\"https:\/\/web.tsg-weinheim-handball.de\/?cat=4\"><img loading=\"lazy\" decoding=\"async\" width=\"300\" height=\"48\" src=\"https:\/\/web.tsg-weinheim-handball.de\/wp-content\/uploads\/2017\/11\/Spielberichte-300x48.png\" alt=\"\" class=\"wp-image-96\" srcset=\"https:\/\/web.tsg-weinheim-handball.de\/wp-content\/uploads\/2017\/11\/Spielberichte-300x48.png 300w, https:\/\/web.tsg-weinheim-handball.de\/wp-content\/uploads\/2017\/11\/Spielberichte.png 690w\" sizes=\"auto, (max-width: 300px) 100vw, 300px\" \/><\/a><\/figure>\n","protected":false},"excerpt":{"rendered":"<p>Herren 3 Trainer: J\u00fcrgen EhrmannTelefon:\u00a006201\/17611Mail: Juergen.Ehrmann@tsg-weinheim-handball.de Trainingszeiten:Dienstag:\u00a0 \u00a0 \u00a0 \u00a020:30 Uhr, TSG-Halle Spielklasse:Bezirksliga 4 Mannschaftsinfo:Die 3. M\u00e4nnermannschaft ist eine eingeschworene Gemeinschaft und wird schon lange von J\u00fcrgen Ehrmann betreut. Das Team spielt in der Bezirksliga 4 . Das Team w\u00fcnscht allen Beteiligten f\u00fcr die Saison viel Erfolg und eine verletzungsfreie Spielzeit. Au\u00dferdem w\u00fcrde es sich &hellip; <\/p>\n<p class=\"link-more\"><a href=\"https:\/\/web.tsg-weinheim-handball.de\/?page_id=1816\" class=\"more-link\"><span class=\"screen-reader-text\">\u201eHerren 3\u201c<\/span> weiterlesen<\/a><\/p>\n","protected":false},"author":3,"featured_media":0,"parent":33,"menu_order":0,"comment_status":"closed","ping_status":"closed","template":"","meta":{"footnotes":""},"class_list":["post-1816","page","type-page","status-publish","hentry"],"_links":{"self":[{"href":"https:\/\/web.tsg-weinheim-handball.de\/index.php?rest_route=\/wp\/v2\/pages\/1816","targetHints":{"allow":["GET"]}}],"collection":[{"href":"https:\/\/web.tsg-weinheim-handball.de\/index.php?rest_route=\/wp\/v2\/pages"}],"about":[{"href":"https:\/\/web.tsg-weinheim-handball.de\/index.php?rest_route=\/wp\/v2\/types\/page"}],"author":[{"embeddable":true,"href":"https:\/\/web.tsg-weinheim-handball.de\/index.php?rest_route=\/wp\/v2\/users\/3"}],"replies":[{"embeddable":true,"href":"https:\/\/web.tsg-weinheim-handball.de\/index.php?rest_route=%2Fwp%2Fv2%2Fcomments&post=1816"}],"version-history":[{"count":6,"href":"https:\/\/web.tsg-weinheim-handball.de\/index.php?rest_route=\/wp\/v2\/pages\/1816\/revisions"}],"predecessor-version":[{"id":2124,"href":"https:\/\/web.tsg-weinheim-handball.de\/index.php?rest_route=\/wp\/v2\/pages\/1816\/revisions\/2124"}],"up":[{"embeddable":true,"href":"https:\/\/web.tsg-weinheim-handball.de\/index.php?rest_route=\/wp\/v2\/pages\/33"}],"wp:attachment":[{"href":"https:\/\/web.tsg-weinheim-handball.de\/index.php?rest_route=%2Fwp%2Fv2%2Fmedia&parent=1816"}],"curies":[{"name":"wp","href":"https:\/\/api.w.org\/{rel}","templated":true}]}}