{"id":104,"date":"2017-11-19T12:29:27","date_gmt":"2017-11-19T11:29:27","guid":{"rendered":"http:\/\/web.tsg-weinheim-handball.de\/?page_id=104"},"modified":"2024-06-20T15:49:30","modified_gmt":"2024-06-20T14:49:30","slug":"md-jugend","status":"publish","type":"page","link":"https:\/\/web.tsg-weinheim-handball.de\/?page_id=104","title":{"rendered":"mD-Jugend"},"content":{"rendered":"<h1><strong>mD-Jugend<\/strong><\/h1>\n<p>Trainer: Heiko Ritter, Christoph Scholz, Sebastian Labs<\/p>\n<p>Telefon: Kontakt \u00fcber den Jugendleiter Peter Scheurich (01575\/3772726)<\/p>\n<p>Mail: hsg-jugend@gmx.de<\/p>\n<p>\u00a0<\/p>\n<p><strong>Trainingszeiten Saison 2024\/2025:<\/strong><\/p>\n<p>Dienstag:\u00a0 \u00a0 \u00a0 \u00a0 \u00a017:30-19:00 Uhr (TSG-Halle am Hallenbad, Weinheim)<\/p>\n<p>Donnerstag:\u00a0\u00a0 16:00-17:30 Uhr (TSG-Halle am Hallenbad, Weinheim)<\/p>\n<p>\u00a0<\/p>\n<p><strong>Mannschaftsinfo Saison 2024\/2025<\/strong>:<\/p>\n<p>Wir gehen mit 2 m\u00e4nnlichen D-Jugend Mannschaften in die Saison 24\/25.<\/p>\n<p>Unsere D1 besteht aus 8 Spielern des \u00e4lteren 12er Jahrgangs und wird \u00fcber die Saison hinweg durch Spieler der D2 erg\u00e4nzt. Nach einem spannenden Qualifikationsturnier in der eigenen TSG-Halle konnte sich die D1 f\u00fcr die Landesliga qualifizieren. Hier wird ein starkes Teilnehmerfeld erwartet, doch nach den ersten Eindr\u00fccken aus der Qualifikation werden unsere Jungs jedoch sicherlich auch hier ihre Erfolge feiern und sich spielerisch weiterentwickeln.<\/p>\n<p>In unserer D2 spielen 16 Jungs, vornehmlich aus dem j\u00fcngeren 13er Jahrgang zusammen mit einigen Spielern des 12er Jahrgangs. Auch hier haben wir es geschafft, das Qualifikationsturnier in der eigenen TSG Halle positiv zu gestalten. Die Jungs haben sich nach Startschwierigkeiten immer weiter gesteigert und sich schlie\u00dflich verdient f\u00fcr die Bezirksliga (ehemals Bezirksliga 2) qualifizieren k\u00f6nnen. Hier erwarten wir viele spannende Spiele und legen den Fokus auf die individuelle Spielerentwicklung.<\/p>\n<p><img loading=\"lazy\" decoding=\"async\" class=\"alignnone size-medium wp-image-2246\" src=\"https:\/\/web.tsg-weinheim-handball.de\/wp-content\/uploads\/2024\/06\/mD2-300x225.jpg\" alt=\"\" width=\"300\" height=\"225\" srcset=\"https:\/\/web.tsg-weinheim-handball.de\/wp-content\/uploads\/2024\/06\/mD2-300x225.jpg 300w, https:\/\/web.tsg-weinheim-handball.de\/wp-content\/uploads\/2024\/06\/mD2.jpg 564w\" sizes=\"auto, (max-width: 300px) 100vw, 300px\" \/><\/p>\n<p><a href=\"https:\/\/web.tsg-weinheim-handball.de\/?cat=19\"><img loading=\"lazy\" decoding=\"async\" class=\"alignnone wp-image-96 size-medium\" src=\"https:\/\/web.tsg-weinheim-handball.de\/wp-content\/uploads\/2017\/11\/Spielberichte-300x48.png\" sizes=\"auto, (max-width: 300px) 100vw, 300px\" srcset=\"https:\/\/web.tsg-weinheim-handball.de\/wp-content\/uploads\/2017\/11\/Spielberichte-300x48.png 300w, https:\/\/web.tsg-weinheim-handball.de\/wp-content\/uploads\/2017\/11\/Spielberichte.png 690w\" alt=\"\" width=\"300\" height=\"48\" \/><\/a><\/p>\n\n\n<p><\/p>\n","protected":false},"excerpt":{"rendered":"<p>mD-Jugend Trainer: Heiko Ritter, Christoph Scholz, Sebastian Labs Telefon: Kontakt \u00fcber den Jugendleiter Peter Scheurich (01575\/3772726) Mail: hsg-jugend@gmx.de \u00a0 Trainingszeiten Saison 2024\/2025: Dienstag:\u00a0 \u00a0 \u00a0 \u00a0 \u00a017:30-19:00 Uhr (TSG-Halle am Hallenbad, Weinheim) Donnerstag:\u00a0\u00a0 16:00-17:30 Uhr (TSG-Halle am Hallenbad, Weinheim) \u00a0 Mannschaftsinfo Saison 2024\/2025: Wir gehen mit 2 m\u00e4nnlichen D-Jugend Mannschaften in die Saison 24\/25. Unsere &hellip; <\/p>\n<p class=\"link-more\"><a href=\"https:\/\/web.tsg-weinheim-handball.de\/?page_id=104\" class=\"more-link\"><span class=\"screen-reader-text\">\u201emD-Jugend\u201c<\/span> weiterlesen<\/a><\/p>\n","protected":false},"author":1,"featured_media":2243,"parent":63,"menu_order":0,"comment_status":"closed","ping_status":"closed","template":"","meta":{"footnotes":""},"class_list":["post-104","page","type-page","status-publish","has-post-thumbnail","hentry"],"_links":{"self":[{"href":"https:\/\/web.tsg-weinheim-handball.de\/index.php?rest_route=\/wp\/v2\/pages\/104","targetHints":{"allow":["GET"]}}],"collection":[{"href":"https:\/\/web.tsg-weinheim-handball.de\/index.php?rest_route=\/wp\/v2\/pages"}],"about":[{"href":"https:\/\/web.tsg-weinheim-handball.de\/index.php?rest_route=\/wp\/v2\/types\/page"}],"author":[{"embeddable":true,"href":"https:\/\/web.tsg-weinheim-handball.de\/index.php?rest_route=\/wp\/v2\/users\/1"}],"replies":[{"embeddable":true,"href":"https:\/\/web.tsg-weinheim-handball.de\/index.php?rest_route=%2Fwp%2Fv2%2Fcomments&post=104"}],"version-history":[{"count":26,"href":"https:\/\/web.tsg-weinheim-handball.de\/index.php?rest_route=\/wp\/v2\/pages\/104\/revisions"}],"predecessor-version":[{"id":2250,"href":"https:\/\/web.tsg-weinheim-handball.de\/index.php?rest_route=\/wp\/v2\/pages\/104\/revisions\/2250"}],"up":[{"embeddable":true,"href":"https:\/\/web.tsg-weinheim-handball.de\/index.php?rest_route=\/wp\/v2\/pages\/63"}],"wp:featuredmedia":[{"embeddable":true,"href":"https:\/\/web.tsg-weinheim-handball.de\/index.php?rest_route=\/wp\/v2\/media\/2243"}],"wp:attachment":[{"href":"https:\/\/web.tsg-weinheim-handball.de\/index.php?rest_route=%2Fwp%2Fv2%2Fmedia&parent=104"}],"curies":[{"name":"wp","href":"https:\/\/api.w.org\/{rel}","templated":true}]}}